{"id":362,"date":"2026-02-27T11:35:20","date_gmt":"2026-02-27T10:35:20","guid":{"rendered":"https:\/\/sabinebergeot.fr\/?page_id=362"},"modified":"2026-02-27T14:10:59","modified_gmt":"2026-02-27T13:10:59","slug":"articles-2","status":"publish","type":"page","link":"https:\/\/sabinebergeot.fr\/?page_id=362","title":{"rendered":"Articles"},"content":{"rendered":"\n<div class=\"wp-block-file\"><a id=\"wp-block-file--media-b5e4d56d-1781-418f-88b0-99cee5f241ec\" href=\"https:\/\/sabinebergeot.fr\/wp-content\/uploads\/2026\/02\/Etude-scientifique-sur-les-acouphenes-evaluation-de-la-prise-en-charge-sophrologique-des-acouphenes-subjectifs.pdf\" target=\"_blank\" rel=\"noreferrer noopener\"><strong>Etude scientifique sur les acouph\u00e8nes, \u00e9valuation de la prise en charge sophrologique des acouph\u00e8nes subjectifs<\/strong><\/a><a href=\"https:\/\/sabinebergeot.fr\/wp-content\/uploads\/2026\/02\/Etude-scientifique-sur-les-acouphenes-evaluation-de-la-prise-en-charge-sophrologique-des-acouphenes-subjectifs.pdf\" class=\"wp-block-file__button wp-element-button\" download aria-describedby=\"wp-block-file--media-b5e4d56d-1781-418f-88b0-99cee5f241ec\">T\u00e9l\u00e9charger<\/a><\/div>\n\n\n\n<div class=\"wp-block-file\"><a id=\"wp-block-file--media-64745b5e-6c18-4293-af90-a5a40dea8112\" href=\"https:\/\/sabinebergeot.fr\/wp-content\/uploads\/2026\/02\/Acouphenes-et-sophrologie.pdf\" target=\"_blank\" rel=\"noreferrer noopener\">Acouph\u00e8nes et sophrologie &#8211; Article sant\u00e9 magazine<\/a><a href=\"https:\/\/sabinebergeot.fr\/wp-content\/uploads\/2026\/02\/Acouphenes-et-sophrologie.pdf\" class=\"wp-block-file__button wp-element-button\" download aria-describedby=\"wp-block-file--media-64745b5e-6c18-4293-af90-a5a40dea8112\">T\u00e9l\u00e9charger<\/a><\/div>\n\n\n<div class=\"wp-block-image\">\n<figure class=\"aligncenter size-full is-resized\"><img loading=\"lazy\" decoding=\"async\" width=\"221\" height=\"209\" src=\"http:\/\/sabinebergeot.fr\/wp-content\/uploads\/2025\/02\/logo-sabine-5.jpg\" alt=\"\" class=\"wp-image-352\" style=\"width:337px;height:auto\"\/><\/figure>\n<\/div>","protected":false},"excerpt":{"rendered":"","protected":false},"author":1,"featured_media":0,"parent":0,"menu_order":0,"comment_status":"closed","ping_status":"closed","template":"","meta":{"footnotes":""},"class_list":["post-362","page","type-page","status-publish","hentry"],"_links":{"self":[{"href":"https:\/\/sabinebergeot.fr\/index.php?rest_route=\/wp\/v2\/pages\/362","targetHints":{"allow":["GET"]}}],"collection":[{"href":"https:\/\/sabinebergeot.fr\/index.php?rest_route=\/wp\/v2\/pages"}],"about":[{"href":"https:\/\/sabinebergeot.fr\/index.php?rest_route=\/wp\/v2\/types\/page"}],"author":[{"embeddable":true,"href":"https:\/\/sabinebergeot.fr\/index.php?rest_route=\/wp\/v2\/users\/1"}],"replies":[{"embeddable":true,"href":"https:\/\/sabinebergeot.fr\/index.php?rest_route=%2Fwp%2Fv2%2Fcomments&post=362"}],"version-history":[{"count":10,"href":"https:\/\/sabinebergeot.fr\/index.php?rest_route=\/wp\/v2\/pages\/362\/revisions"}],"predecessor-version":[{"id":381,"href":"https:\/\/sabinebergeot.fr\/index.php?rest_route=\/wp\/v2\/pages\/362\/revisions\/381"}],"wp:attachment":[{"href":"https:\/\/sabinebergeot.fr\/index.php?rest_route=%2Fwp%2Fv2%2Fmedia&parent=362"}],"curies":[{"name":"wp","href":"https:\/\/api.w.org\/{rel}","templated":true}]}}