{"id":20,"date":"2025-01-27T14:53:56","date_gmt":"2025-01-27T13:53:56","guid":{"rendered":"https:\/\/sabinebergeot.fr\/?page_id=20"},"modified":"2025-02-23T16:56:55","modified_gmt":"2025-02-23T15:56:55","slug":"contact","status":"publish","type":"page","link":"https:\/\/sabinebergeot.fr\/?page_id=20","title":{"rendered":"Prendre rendez vous"},"content":{"rendered":"<div class=\"wp-block-image\">\n<figure class=\"aligncenter size-large is-resized\"><img loading=\"lazy\" decoding=\"async\" width=\"1024\" height=\"146\" src=\"https:\/\/sabinebergeot.fr\/wp-content\/uploads\/2025\/02\/contact-3-1-1024x146.png\" alt=\"\" class=\"wp-image-185\" style=\"width:1240px;height:auto\" srcset=\"https:\/\/sabinebergeot.fr\/wp-content\/uploads\/2025\/02\/contact-3-1-1024x146.png 1024w, https:\/\/sabinebergeot.fr\/wp-content\/uploads\/2025\/02\/contact-3-1-300x43.png 300w, https:\/\/sabinebergeot.fr\/wp-content\/uploads\/2025\/02\/contact-3-1-768x109.png 768w, https:\/\/sabinebergeot.fr\/wp-content\/uploads\/2025\/02\/contact-3-1-1536x219.png 1536w, https:\/\/sabinebergeot.fr\/wp-content\/uploads\/2025\/02\/contact-3-1-583x83.png 583w, https:\/\/sabinebergeot.fr\/wp-content\/uploads\/2025\/02\/contact-3-1.png 1896w\" sizes=\"auto, (max-width: 1024px) 100vw, 1024px\" \/><\/figure>\n<\/div>\n\n\n<div style=\"height:53px\" aria-hidden=\"true\" class=\"wp-block-spacer\"><\/div>\n\n\n\n<div class=\"wp-block-buttons is-layout-flex wp-block-buttons-is-layout-flex\">\n<div class=\"wp-block-button has-custom-font-size is-style-outline is-style-outline--1\" style=\"font-size:17px\"><a class=\"wp-block-button__link has-headings-color has-text-color has-link-color wp-element-button\"><strong><mark style=\"background-color:rgba(0, 0, 0, 0)\" class=\"has-inline-color has-accent-2-color\">\u00c0 noter !<br><\/mark><\/strong>En cas d\u2019annulation ou de report de rendez-vous, merci de pr\u00e9venir 48h \u00e0 l\u2019avance, afin que ce cr\u00e9neau ne soit pas bloqu\u00e9. Merci de votre compr\u00e9hension.<\/a><\/div>\n<\/div>\n\n\n\n<div style=\"height:62px\" aria-hidden=\"true\" class=\"wp-block-spacer\"><\/div>\n\n\n\n<p id=\"https:\/\/maps.app.goo.gl\/jtpZdwxmtYZFL9Ag7\"><\/p>\n\n\n\n<div class=\"wp-block-columns is-layout-flex wp-container-core-columns-is-layout-9d6595d7 wp-block-columns-is-layout-flex\">\n<div class=\"wp-block-column is-layout-flow wp-block-column-is-layout-flow\" style=\"flex-basis:66.66%\">\n<p><\/p>\n\n\n\n<p class=\"has-text-align-center\" style=\"font-size:45px\"><strong><mark style=\"background-color:rgba(0, 0, 0, 0)\" class=\"has-inline-color has-accent-2-color\">Sabine BERGEOT<\/mark><\/strong><\/p>\n\n\n\n<p class=\"has-text-align-center\" style=\"font-size:27px\"><strong>81, Chemin des Bossons &#8211; 83460 TARADEAU<\/strong><\/p>\n\n\n\n<p class=\"has-text-align-center has-accent-1-color has-text-color has-link-color wp-elements-094db662a51a484a559116a795d0a1a8\" style=\"font-size:45px\"><strong><mark style=\"background-color:rgba(0, 0, 0, 0)\" class=\"has-inline-color has-accent-2-color\">06 46 50 25 38<\/mark><\/strong><\/p>\n\n\n<div class=\"wp-block-image\">\n<figure class=\"aligncenter size-full is-resized\"><img loading=\"lazy\" decoding=\"async\" width=\"221\" height=\"209\" src=\"https:\/\/sabinebergeot.fr\/wp-content\/uploads\/2025\/02\/logo-sabine-2.jpg\" alt=\"\" class=\"wp-image-192\" style=\"width:128px;height:auto\"\/><\/figure>\n<\/div><\/div>\n\n\n\n<div class=\"wp-block-column is-layout-flow wp-block-column-is-layout-flow\" style=\"flex-basis:33.33%\">\n<iframe src=\"https:\/\/www.google.com\/maps\/embed?pb=!1m18!1m12!1m3!1d2896.649911383525!2d6.419130676546452!3d43.447027165740614!2m3!1f0!2f0!3f0!3m2!1i1024!2i768!4f13.1!3m3!1m2!1s0x12ceb2bb24b5bc61%3A0x589867eeb51635cf!2s81%20Chem.%20des%20Bossons%2C%2083460%20Taradeau!5e0!3m2!1sfr!2sfr!4v1739116248387!5m2!1sfr!2sfr\" width=\"600\" height=\"450\" style=\"border:0;\" allowfullscreen=\"\" loading=\"lazy\" referrerpolicy=\"no-referrer-when-downgrade\"><\/iframe>\n<\/div>\n<\/div>\n\n\n\n<div style=\"height:18px\" aria-hidden=\"true\" class=\"wp-block-spacer\"><\/div>\n\n\n\n<p class=\"has-text-align-center has-accent-2-color has-text-color has-link-color wp-elements-733f286415bcc3b1e0175648da161881\" style=\"font-size:40px\"><strong>Disponible du lundi au vendredi <\/strong><\/p>\n\n\n\n<p class=\"has-text-align-center has-accent-2-color has-text-color has-link-color wp-elements-37bf353fa67abf5c0bd76fc0076152c0\" style=\"font-size:40px\"><strong>de 9h \u00e0 12h et de 14h \u00e0 18h<\/strong><\/p>\n\n\n\n<div class=\"wp-block-columns is-layout-flex wp-container-core-columns-is-layout-9d6595d7 wp-block-columns-is-layout-flex\">\n<div class=\"wp-block-column is-layout-flow wp-block-column-is-layout-flow\"><div class=\"wp-block-image\">\n<figure class=\"aligncenter size-full is-resized\"><img loading=\"lazy\" decoding=\"async\" width=\"480\" height=\"640\" src=\"https:\/\/sabinebergeot.fr\/wp-content\/uploads\/2025\/02\/bureau-1-2-rotated.jpg\" alt=\"\" class=\"wp-image-291\" style=\"width:285px;height:auto\" srcset=\"https:\/\/sabinebergeot.fr\/wp-content\/uploads\/2025\/02\/bureau-1-2-rotated.jpg 480w, https:\/\/sabinebergeot.fr\/wp-content\/uploads\/2025\/02\/bureau-1-2-225x300.jpg 225w\" sizes=\"auto, (max-width: 480px) 100vw, 480px\" \/><\/figure>\n<\/div><\/div>\n\n\n\n<div class=\"wp-block-column is-layout-flow wp-block-column-is-layout-flow\"><div class=\"wp-block-image\">\n<figure class=\"aligncenter size-full is-resized\"><img loading=\"lazy\" decoding=\"async\" width=\"480\" height=\"640\" src=\"https:\/\/sabinebergeot.fr\/wp-content\/uploads\/2025\/02\/bureau-4-10-rotated.jpg\" alt=\"\" class=\"wp-image-292\" style=\"width:285px;height:auto\" srcset=\"https:\/\/sabinebergeot.fr\/wp-content\/uploads\/2025\/02\/bureau-4-10-rotated.jpg 480w, https:\/\/sabinebergeot.fr\/wp-content\/uploads\/2025\/02\/bureau-4-10-225x300.jpg 225w\" sizes=\"auto, (max-width: 480px) 100vw, 480px\" \/><\/figure>\n<\/div><\/div>\n\n\n\n<div class=\"wp-block-column is-layout-flow wp-block-column-is-layout-flow\"><div class=\"wp-block-image\">\n<figure class=\"aligncenter size-full is-resized\"><img loading=\"lazy\" decoding=\"async\" width=\"480\" height=\"640\" src=\"http:\/\/sabinebergeot.fr\/wp-content\/uploads\/2025\/02\/bureau-2-1-rotated.jpg\" alt=\"\" class=\"wp-image-286\" style=\"width:274px;height:auto\" srcset=\"https:\/\/sabinebergeot.fr\/wp-content\/uploads\/2025\/02\/bureau-2-1-rotated.jpg 480w, https:\/\/sabinebergeot.fr\/wp-content\/uploads\/2025\/02\/bureau-2-1-225x300.jpg 225w\" sizes=\"auto, (max-width: 480px) 100vw, 480px\" \/><\/figure>\n<\/div><\/div>\n<\/div>\n\n\n\n<div style=\"height:54px\" aria-hidden=\"true\" class=\"wp-block-spacer\"><\/div>\n\n\n\n<p class=\"has-accent-2-background-color has-background\">Sophrologue acouph\u00e8nes Var | Sophrologue Toulon | Sophrologue Hy\u00e8res | Sophrologue Carnoules | Sophrologue Gonfaron | Sophrologue Pierrefeu-du-Var | Sophrologue Gar\u00e9oult | Sophrologue Cuers | Sophrologue Le Luc | Sophrologue Brignoles | Sophrologue Solli\u00e8s-Pont | Sophrologue Le Val | Sophrologue Le Cannet-des-Maures | Sophrologue Solli\u00e8s-Toucas | Sophrologue La Londe-les-Maures | Sophrologue La Farl\u00e8de | Sophrologue Flassans | Sophrologue Saint-tropez | Sophrologue Ramatuelle | Sophrologue Besse-sur-Issole | Sophrologue La Garde | Sophrologue Draguignan | Sophrologue Hy\u00e8res les Palmiers | Sophrologue Saint Anastasie | Sophrologue Pignans | Sophrologue Solli\u00e8s-Ville | Sophrologue Rocbaron | Sophrologue le Luc en Provence | Sophrologue Collobri\u00e8re | Sophrologue Cabasse | Sophrologue Forcalqueiret | Sophrologue N\u00e9oules | Sophrologue Belgentier | Sophrologue M\u00e9ounes-l\u00e8s-Montrieux | Sophrologue La Roquebrussanne | Sophrologue Camps la Source | Sophrologue Les Mayons | Sophrologue La Celle | Sophrologue Saint Maximin la Sainte Baume | Sophrologue Le Thoronet | Sophrologue Lorgues | Sophrologue les Arcs | Sophrologue Le Muy | Sophrologue La Crau | Sophrologue La Valette | Sophrologue Correns | Sophrologue Fr\u00e9jus | Sophrologue Saint-Rapha\u00ebl | Sophrologue Cannes | Sophrologue Antibes | Sophrologue Nice | Sophrologue Taradeau<\/p>\n","protected":false},"excerpt":{"rendered":"<p>Sabine BERGEOT 81, Chemin des Bossons &#8211; 83460 TARADEAU 06 46 50 25 38 Disponible du lundi au vendredi de 9h \u00e0 12h et de &hellip;<\/p>\n","protected":false},"author":1,"featured_media":0,"parent":0,"menu_order":0,"comment_status":"open","ping_status":"closed","template":"","meta":{"footnotes":""},"class_list":["post-20","page","type-page","status-publish","hentry"],"_links":{"self":[{"href":"https:\/\/sabinebergeot.fr\/index.php?rest_route=\/wp\/v2\/pages\/20","targetHints":{"allow":["GET"]}}],"collection":[{"href":"https:\/\/sabinebergeot.fr\/index.php?rest_route=\/wp\/v2\/pages"}],"about":[{"href":"https:\/\/sabinebergeot.fr\/index.php?rest_route=\/wp\/v2\/types\/page"}],"author":[{"embeddable":true,"href":"https:\/\/sabinebergeot.fr\/index.php?rest_route=\/wp\/v2\/users\/1"}],"replies":[{"embeddable":true,"href":"https:\/\/sabinebergeot.fr\/index.php?rest_route=%2Fwp%2Fv2%2Fcomments&post=20"}],"version-history":[{"count":41,"href":"https:\/\/sabinebergeot.fr\/index.php?rest_route=\/wp\/v2\/pages\/20\/revisions"}],"predecessor-version":[{"id":325,"href":"https:\/\/sabinebergeot.fr\/index.php?rest_route=\/wp\/v2\/pages\/20\/revisions\/325"}],"wp:attachment":[{"href":"https:\/\/sabinebergeot.fr\/index.php?rest_route=%2Fwp%2Fv2%2Fmedia&parent=20"}],"curies":[{"name":"wp","href":"https:\/\/api.w.org\/{rel}","templated":true}]}}