{"id":18,"date":"2025-01-27T14:53:07","date_gmt":"2025-01-27T13:53:07","guid":{"rendered":"https:\/\/sabinebergeot.fr\/?page_id=18"},"modified":"2025-02-11T11:10:14","modified_gmt":"2025-02-11T10:10:14","slug":"qui-suis-je","status":"publish","type":"page","link":"https:\/\/sabinebergeot.fr\/?page_id=18","title":{"rendered":"Qui suis je?"},"content":{"rendered":"<div class=\"wp-block-image\">\n<figure class=\"aligncenter size-full is-resized\"><img loading=\"lazy\" decoding=\"async\" width=\"640\" height=\"287\" src=\"https:\/\/sabinebergeot.fr\/wp-content\/uploads\/2025\/02\/femme-face-a-la-mer-1.jpg\" alt=\"\" class=\"wp-image-340\" style=\"width:1240px;height:auto\" srcset=\"https:\/\/sabinebergeot.fr\/wp-content\/uploads\/2025\/02\/femme-face-a-la-mer-1.jpg 640w, https:\/\/sabinebergeot.fr\/wp-content\/uploads\/2025\/02\/femme-face-a-la-mer-1-300x135.jpg 300w\" sizes=\"auto, (max-width: 640px) 100vw, 640px\" \/><\/figure>\n<\/div>\n\n\n<p><\/p>\n\n\n\n<p class=\"has-normal-font-size\">Aussi loin que je me souvienne, je me suis toujours int\u00e9ress\u00e9e \u00e0 \u00ab&nbsp;l\u2019Autre&nbsp;\u00bb, dans une d\u00e9marche positive, d\u2019accompagnement, d\u2019empathie, de valorisation \u2026.<\/p>\n\n\n\n<p class=\"has-normal-font-size\">J\u2019ai toujours eu cette hyper-sensibilit\u00e9 \u00e9motionnelle, cette proximit\u00e9 et cette complicit\u00e9 saine et constructive avec mes interlocuteurs.<\/p>\n\n\n\n<p class=\"has-normal-font-size\">Consciente de l\u2019\u00e9quilibre fragile et inconstant de nos vies, l\u2019adversit\u00e9 qui accable plus lourdement certains d\u2019entre nous, physiquement, moralement\u2026 j\u2019ai toujours manifest\u00e9 l\u2019 envie de comprendre d\u2019o\u00f9 viennent nos blessures, pourquoi certains et pas d\u2019autres exp\u00e9rimentent autant le d\u00e9sarroi, la d\u00e9tresse, voire la descente aux enfers, j\u2019ai toujours \u00e9t\u00e9 en qu\u00eate de sens, comprendre l\u2019origine de \u00ab&nbsp;la douleur&nbsp;\u00bb, de nos maux, remonter \u00e0 \u00ab&nbsp;la&nbsp;source&nbsp;\u00bb pour pouvoir v\u00e9ritablement identifier et retrouver nos \u00ab&nbsp;Ressources&nbsp;\u00bb, notre vitalit\u00e9, &nbsp;\u2026                                           Et finalement comprendre que la fatalit\u00e9 n\u2019existe pas.<\/p>\n\n\n\n<p class=\"has-normal-font-size\">Nous avons tous la possibilit\u00e9 de modifier nos comportements face au al\u00e9as de la vie.&nbsp; Il suffit souvent d\u2019 un coup de pouce, de bienveillance, besoin de sortir de notre isolement, d\u2019\u00eatre entendu, &nbsp;pour retrouver confiance en soi, se remettre en marche, retrouver le go\u00fbt de la vie, &nbsp;se sentir juste \u00e0 sa place&nbsp;et Vivre un \u00e9tat de bien-\u00eatre positif&nbsp;!! C\u2019est accessible pour chacun d\u2019entre nous.<\/p>\n\n\n\n<p class=\"has-normal-font-size\">Vous accompagner, c\u2019est avec passion et v\u00e9rit\u00e9 que je vous le propose, avec ce que je suis tout simplement, &nbsp;mon parcours de vie personnel, enrichi de rencontres, d\u2019exp\u00e9riences, certaines agr\u00e9ables, d\u2019autres &nbsp;douloureuses, tout cela combin\u00e9 \u00e0 ces outils magnifiques que sont la sophrologie, la naturopathie \u2026 afin que vous aussi &nbsp;soyez \u00e0 nouveau acteurs de vos vies, pour que vous puissiez, dans vos probl\u00e9matiques respectives, comprendre le r\u00f4le cl\u00e9 que vous pouvez jouer. Je serai l\u00e0 pr\u00e9sente \u00e0 vos c\u00f4t\u00e9s pour vous orienter, r\u00e9pondre \u00e0 vos questions, vous aider \u00e0 raviver vos ressources, &nbsp;pour vous permettre de (re)cr\u00e9er la vie harmonieuse, qui fait sens pour vous.<\/p>\n\n\n\n<p><\/p>\n\n\n\n<div class=\"wp-block-columns is-layout-flex wp-container-core-columns-is-layout-9d6595d7 wp-block-columns-is-layout-flex\">\n<div class=\"wp-block-column is-layout-flow wp-block-column-is-layout-flow\"><div class=\"wp-block-image\">\n<figure class=\"aligncenter size-full is-resized\"><img loading=\"lazy\" decoding=\"async\" width=\"376\" height=\"500\" src=\"https:\/\/sabinebergeot.fr\/wp-content\/uploads\/2025\/02\/photo-sabine-1.jpg\" alt=\"\" class=\"wp-image-63\" style=\"width:294px;height:auto\" srcset=\"https:\/\/sabinebergeot.fr\/wp-content\/uploads\/2025\/02\/photo-sabine-1.jpg 376w, https:\/\/sabinebergeot.fr\/wp-content\/uploads\/2025\/02\/photo-sabine-1-226x300.jpg 226w\" sizes=\"auto, (max-width: 376px) 100vw, 376px\" \/><\/figure>\n<\/div><\/div>\n\n\n\n<div class=\"wp-block-column is-layout-flow wp-block-column-is-layout-flow\">\n<blockquote class=\"wp-block-quote is-layout-flow wp-block-quote-is-layout-flow\">\n<p><\/p>\n\n\n\n<p class=\"has-large-font-size\"><em><strong><mark style=\"background-color:rgba(0, 0, 0, 0)\" class=\"has-inline-color has-accent-2-color\">\u00ab&nbsp;Je me suis rassembl\u00e9e poil par poil, petites parcelles de terre et de marais, j\u2019ai d\u00e9cid\u00e9 de mon toit&nbsp;\u00bb <\/mark><\/strong><\/em><\/p>\n\n\n\n<p class=\"has-large-font-size\"><em><strong><mark style=\"background-color:rgba(0, 0, 0, 0)\" class=\"has-inline-color has-accent-2-color\">R. Battal<\/mark><\/strong><\/em><\/p>\n<\/blockquote>\n\n\n<div class=\"wp-block-image\">\n<figure class=\"aligncenter size-full is-resized\"><img loading=\"lazy\" decoding=\"async\" width=\"325\" height=\"334\" src=\"https:\/\/sabinebergeot.fr\/wp-content\/uploads\/2025\/02\/image-1.png\" alt=\"\" class=\"wp-image-65\" style=\"width:141px;height:auto\" srcset=\"https:\/\/sabinebergeot.fr\/wp-content\/uploads\/2025\/02\/image-1.png 325w, https:\/\/sabinebergeot.fr\/wp-content\/uploads\/2025\/02\/image-1-292x300.png 292w\" sizes=\"auto, (max-width: 325px) 100vw, 325px\" \/><\/figure>\n<\/div><\/div>\n<\/div>\n\n\n\n<div class=\"wp-block-buttons is-layout-flex wp-block-buttons-is-layout-flex\">\n<div class=\"wp-block-button\"><a class=\"wp-block-button__link wp-element-button\"><strong>Mon parcours professionnel<\/strong><\/a><\/div>\n<\/div>\n\n\n\n<p><\/p>\n\n\n\n<div class=\"wp-block-group is-nowrap is-layout-flex wp-container-core-group-is-layout-ad2f72ca wp-block-group-is-layout-flex\">\n<p><strong><em><mark style=\"background-color:rgba(0, 0, 0, 0)\" class=\"has-inline-color has-sitetext-color\">Assistante de Direction<\/mark><\/em><\/strong><em> pendant 25 ans (Ressources Humaines notamment).<\/em><br><strong><mark style=\"background-color:rgba(0, 0, 0, 0)\" class=\"has-inline-color has-accent-2-color\"><em>Sophrologue Praticienne<\/em><\/mark><\/strong><em><mark style=\"background-color:rgba(0, 0, 0, 0)\" class=\"has-inline-color has-accent-2-color\">&nbsp;<\/mark>\u2013 Ecole SOPHROPACA \u2013 Marseille\/Aubagne (2017-2019) &#8211; Dipl\u00f4me reconnu par l\u2019Etat au niveau III (RNCP). <\/em><br><strong><em><mark style=\"background-color:rgba(0, 0, 0, 0)\" class=\"has-inline-color has-sitetext-color\">Praticienne en Massages \u00ab&nbsp;Ayurv\u00e9dique&nbsp;\u00bb <\/mark>&#8211; <\/em><\/strong><em>Ecole VEDA&nbsp; &#8211; Ollioules (2019-2020). <\/em><br><strong><em><mark style=\"background-color:rgba(0, 0, 0, 0)\" class=\"has-inline-color has-accent-2-color\">Sp\u00e9cialisation Sophrologie Acouph\u00e8nes<\/mark><\/em><\/strong><em><mark style=\"background-color:rgba(0, 0, 0, 0)\" class=\"has-inline-color has-accent-1-color\"> <\/mark>(2022) \u2013 R\u00e9f\u00e9rente de l\u2019h\u00f4pital de Clairval \/ Centre IMERTA \u2013 Marseille.<\/em><br><strong><em><mark style=\"background-color:rgba(0, 0, 0, 0)\" class=\"has-inline-color has-sitetext-color\">Stage sophrologie &#8211; douleur &#8211; <\/mark>&nbsp;<\/em><\/strong><em>Ecole SOPHROPACA.<\/em><br><strong><em><mark style=\"background-color:rgba(0, 0, 0, 0)\" class=\"has-inline-color has-accent-2-color\">Praticienne en Naturopathie<\/mark><\/em><\/strong><em> \u2013 Ecole La &nbsp;NATUR\u2019O NATURELLE &nbsp;\u2013 Belgentiers (2022-2024). <\/em><\/p>\n\n\n\n<p><em>.<\/em> <em>&nbsp;<\/em> <em>&nbsp;<\/em> <em>&nbsp;<\/em><\/p>\n<\/div>\n\n\n\n<div class=\"wp-block-group is-nowrap is-layout-flex wp-container-core-group-is-layout-ad2f72ca wp-block-group-is-layout-flex\">\n<figure class=\"wp-block-image size-full is-resized\"><img loading=\"lazy\" decoding=\"async\" width=\"269\" height=\"346\" src=\"https:\/\/sabinebergeot.fr\/wp-content\/uploads\/2025\/02\/chambre-de-sophrologie.jpg\" alt=\"\" class=\"wp-image-165\" style=\"width:68px;height:auto\" srcset=\"https:\/\/sabinebergeot.fr\/wp-content\/uploads\/2025\/02\/chambre-de-sophrologie.jpg 269w, https:\/\/sabinebergeot.fr\/wp-content\/uploads\/2025\/02\/chambre-de-sophrologie-233x300.jpg 233w\" sizes=\"auto, (max-width: 269px) 100vw, 269px\" \/><\/figure>\n\n\n\n<p class=\"has-normal-font-size\"><em>Membre de la&nbsp;<strong>Chambre Syndicale de la Sophrologie<\/strong>, je m\u2019engage \u00e0 respecter le&nbsp;<a href=\"http:\/\/www.chambre-syndicale-sophrologie.fr\/la-chambre\/deontologie-sophrologie\/\"><mark style=\"background-color:rgba(0, 0, 0, 0)\" class=\"has-inline-color has-accent-2-color\">Code de d\u00e9ontologie<\/mark><\/a>.<\/em><\/p>\n\n\n\n<p><\/p>\n<\/div>\n\n\n\n<p><\/p>\n","protected":false},"excerpt":{"rendered":"<p>Aussi loin que je me souvienne, je me suis toujours int\u00e9ress\u00e9e \u00e0 \u00ab&nbsp;l\u2019Autre&nbsp;\u00bb, dans une d\u00e9marche positive, d\u2019accompagnement, d\u2019empathie, de valorisation \u2026. J\u2019ai toujours eu &hellip;<\/p>\n","protected":false},"author":1,"featured_media":0,"parent":0,"menu_order":0,"comment_status":"closed","ping_status":"closed","template":"","meta":{"footnotes":""},"class_list":["post-18","page","type-page","status-publish","hentry"],"_links":{"self":[{"href":"https:\/\/sabinebergeot.fr\/index.php?rest_route=\/wp\/v2\/pages\/18","targetHints":{"allow":["GET"]}}],"collection":[{"href":"https:\/\/sabinebergeot.fr\/index.php?rest_route=\/wp\/v2\/pages"}],"about":[{"href":"https:\/\/sabinebergeot.fr\/index.php?rest_route=\/wp\/v2\/types\/page"}],"author":[{"embeddable":true,"href":"https:\/\/sabinebergeot.fr\/index.php?rest_route=\/wp\/v2\/users\/1"}],"replies":[{"embeddable":true,"href":"https:\/\/sabinebergeot.fr\/index.php?rest_route=%2Fwp%2Fv2%2Fcomments&post=18"}],"version-history":[{"count":26,"href":"https:\/\/sabinebergeot.fr\/index.php?rest_route=\/wp\/v2\/pages\/18\/revisions"}],"predecessor-version":[{"id":341,"href":"https:\/\/sabinebergeot.fr\/index.php?rest_route=\/wp\/v2\/pages\/18\/revisions\/341"}],"wp:attachment":[{"href":"https:\/\/sabinebergeot.fr\/index.php?rest_route=%2Fwp%2Fv2%2Fmedia&parent=18"}],"curies":[{"name":"wp","href":"https:\/\/api.w.org\/{rel}","templated":true}]}}