{"id":164,"date":"2025-02-09T14:42:30","date_gmt":"2025-02-09T13:42:30","guid":{"rendered":"https:\/\/sabinebergeot.fr\/?page_id=164"},"modified":"2025-02-10T14:57:30","modified_gmt":"2025-02-10T13:57:30","slug":"accueil","status":"publish","type":"page","link":"https:\/\/sabinebergeot.fr\/?page_id=164","title":{"rendered":"Accueil"},"content":{"rendered":"\n<p class=\"has-drop-cap has-headings-color has-text-color has-link-color has-large-font-size wp-elements-70bc36ba64db845b27ad323d1abeda65\"><strong><mark style=\"background-color:rgba(0, 0, 0, 0)\" class=\"has-inline-color has-accent-2-color\"><em>R\u00e9fl\u00e9chissons \u00e0 ce qui poss\u00e8de vraiment une valeur, \u00e0 ce qui donne un sens \u00e0 notre vie, et ordonnons nos priorit\u00e9s en cons\u00e9quence.\u00a0\u00bb&nbsp;Dala\u00ef-Lama<\/em><\/mark><\/strong><em><mark style=\"background-color:rgba(0, 0, 0, 0)\" class=\"has-inline-color has-accent-2-color\"> <\/mark><\/em><\/p>\n\n\n\n<p class=\"has-large-font-size\"><\/p>\n\n\n\n<div style=\"height:46px\" aria-hidden=\"true\" class=\"wp-block-spacer\"><\/div>\n\n\n\n<div class=\"wp-block-columns is-layout-flex wp-container-core-columns-is-layout-9d6595d7 wp-block-columns-is-layout-flex\">\n<div class=\"wp-block-column is-layout-flow wp-block-column-is-layout-flow\" style=\"flex-basis:66.66%\">\n<p>Je vous propose de vous accompagner sur le chemin du bien-\u00eatre, pour vous permettre de revenir \u00e0 vous, trouver, voire retrouver ce qui fait sens pour vous, ce qui vous ressemble, ce qui vous rassemble et qui vous permet de vous sentir profond\u00e9ment bien, dans un \u00e9quilibre de vie.                              Vous accompagner&nbsp; pour comprendre l\u2019origine de vos maux, de vos douleurs et vous sensibiliser \u00e0 la dimension \u00e9motionnelle pr\u00e9sente dans chaque probl\u00e9matique de sant\u00e9, soit comme d\u00e9clencheur et\/ou comme amplificateur. <\/p>\n\n\n\n<p>Parce que l\u2019on trouve toujours de \u00ab&nbsp;bonnes&nbsp;\u00bb raisons pour ne pas consulter un th\u00e9rapeute, par ce que tout dans notre quotidien nous \u00e9loignent de nous, parce que nous ne savons pas prendre ce temps essentiel pour nous, parce que nous sommes forts pour nous enfermer dans des comportements d\u00e9l\u00e9t\u00e8res, parce que trop souvent nous attendons de sombrer dans&nbsp;    la d\u00e9tresse (physique, mentale, \u00e9motionnelle, psychologique), \u2026<\/p>\n\n\n\n<p>Je serai pr\u00e9sente \u00e0 vos c\u00f4t\u00e9s dans le non-jugement, en toute confidentialit\u00e9, \u00e0 Votre \u00e9coute<strong>, avec un seul objectif&nbsp;: Vous, votre bien-\u00eatre, votre sant\u00e9 mentale, psychique, \u00e9motionnelle, physiologique\u2026.<\/strong> tout cela dans le respect de votre individualit\u00e9. Vous accompagner avec la m\u00e9thode la plus appropri\u00e9e pour vous permettre, en toute autonomie, de traverser plus sereinement les difficult\u00e9s de la vie. C\u2019est \u00e0 votre port\u00e9e.<\/p>\n\n\n\n<p>Il n\u2019y a pas de fatalit\u00e9, vous avez le pouvoir d\u2019agir pour vivre mieux. <\/p>\n\n\n\n<p><mark style=\"background-color:rgba(0, 0, 0, 0)\" class=\"has-inline-color has-accent-2-color\">Toutes les m\u00e9thodes propos\u00e9es sont totalement compl\u00e9mentaires \u00e0 la m\u00e9decine conventionnelle mais ne s\u2019y substituent pas.<\/mark><\/p>\n<\/div>\n\n\n\n<div class=\"wp-block-column is-layout-flow wp-block-column-is-layout-flow\" style=\"flex-basis:33.33%\"><div class=\"wp-block-image\">\n<figure class=\"aligncenter size-full is-resized\"><img loading=\"lazy\" decoding=\"async\" width=\"480\" height=\"640\" src=\"https:\/\/sabinebergeot.fr\/wp-content\/uploads\/2025\/02\/bureau-4-8-rotated.jpg\" alt=\"\" class=\"wp-image-247\" style=\"width:454px;height:auto\" srcset=\"https:\/\/sabinebergeot.fr\/wp-content\/uploads\/2025\/02\/bureau-4-8-rotated.jpg 480w, https:\/\/sabinebergeot.fr\/wp-content\/uploads\/2025\/02\/bureau-4-8-225x300.jpg 225w\" sizes=\"auto, (max-width: 480px) 100vw, 480px\" \/><\/figure>\n<\/div><\/div>\n<\/div>\n\n\n\n<div class=\"wp-block-group is-nowrap is-layout-flex wp-container-core-group-is-layout-ad2f72ca wp-block-group-is-layout-flex\">\n<figure class=\"wp-block-image size-full is-resized\"><img loading=\"lazy\" decoding=\"async\" width=\"269\" height=\"346\" src=\"https:\/\/sabinebergeot.fr\/wp-content\/uploads\/2025\/02\/chambre-de-sophrologie.jpg\" alt=\"\" class=\"wp-image-165\" style=\"width:68px;height:auto\" srcset=\"https:\/\/sabinebergeot.fr\/wp-content\/uploads\/2025\/02\/chambre-de-sophrologie.jpg 269w, https:\/\/sabinebergeot.fr\/wp-content\/uploads\/2025\/02\/chambre-de-sophrologie-233x300.jpg 233w\" sizes=\"auto, (max-width: 269px) 100vw, 269px\" \/><\/figure>\n\n\n\n<p class=\"has-normal-font-size\"><em>Membre de la&nbsp;<strong>Chambre Syndicale de la Sophrologie<\/strong>, je m\u2019engage \u00e0 respecter le&nbsp;<a href=\"http:\/\/www.chambre-syndicale-sophrologie.fr\/la-chambre\/deontologie-sophrologie\/\"><mark style=\"background-color:rgba(0, 0, 0, 0)\" class=\"has-inline-color has-accent-2-color\">Code de d\u00e9ontologie<\/mark><\/a>.<\/em><\/p>\n<\/div>\n\n\n\n<p><\/p>\n","protected":false},"excerpt":{"rendered":"<p>R\u00e9fl\u00e9chissons \u00e0 ce qui poss\u00e8de vraiment une valeur, \u00e0 ce qui donne un sens \u00e0 notre vie, et ordonnons nos priorit\u00e9s en cons\u00e9quence.\u00a0\u00bb&nbsp;Dala\u00ef-Lama Je vous &hellip;<\/p>\n","protected":false},"author":1,"featured_media":0,"parent":0,"menu_order":0,"comment_status":"closed","ping_status":"closed","template":"","meta":{"footnotes":""},"class_list":["post-164","page","type-page","status-publish","hentry"],"_links":{"self":[{"href":"https:\/\/sabinebergeot.fr\/index.php?rest_route=\/wp\/v2\/pages\/164","targetHints":{"allow":["GET"]}}],"collection":[{"href":"https:\/\/sabinebergeot.fr\/index.php?rest_route=\/wp\/v2\/pages"}],"about":[{"href":"https:\/\/sabinebergeot.fr\/index.php?rest_route=\/wp\/v2\/types\/page"}],"author":[{"embeddable":true,"href":"https:\/\/sabinebergeot.fr\/index.php?rest_route=\/wp\/v2\/users\/1"}],"replies":[{"embeddable":true,"href":"https:\/\/sabinebergeot.fr\/index.php?rest_route=%2Fwp%2Fv2%2Fcomments&post=164"}],"version-history":[{"count":19,"href":"https:\/\/sabinebergeot.fr\/index.php?rest_route=\/wp\/v2\/pages\/164\/revisions"}],"predecessor-version":[{"id":313,"href":"https:\/\/sabinebergeot.fr\/index.php?rest_route=\/wp\/v2\/pages\/164\/revisions\/313"}],"wp:attachment":[{"href":"https:\/\/sabinebergeot.fr\/index.php?rest_route=%2Fwp%2Fv2%2Fmedia&parent=164"}],"curies":[{"name":"wp","href":"https:\/\/api.w.org\/{rel}","templated":true}]}}