{"id":104,"date":"2025-02-08T16:00:37","date_gmt":"2025-02-08T15:00:37","guid":{"rendered":"https:\/\/sabinebergeot.fr\/?page_id=104"},"modified":"2025-02-10T14:59:54","modified_gmt":"2025-02-10T13:59:54","slug":"la-naturopathie","status":"publish","type":"page","link":"https:\/\/sabinebergeot.fr\/?page_id=104","title":{"rendered":"La naturopathie"},"content":{"rendered":"\n<p class=\"has-text-align-center\" style=\"font-size:37px\"><strong><em><mark style=\"background-color:rgba(0, 0, 0, 0)\" class=\"has-inline-color has-accent-2-color\">LA NATUROPATHIE&nbsp;?<\/mark><\/em><\/strong><\/p>\n\n\n\n<p class=\"has-text-align-center\"><strong><mark style=\"background-color:rgba(0, 0, 0, 0)\" class=\"has-inline-color has-accent-2-color\"><em>&nbsp;&nbsp;&nbsp;&nbsp;&nbsp; \u00ab&nbsp;Avant de conna\u00eetre les conditions anormales qui font la maladie,<\/em> <em>&nbsp;il faut conna\u00eetre les conditions normales qui font la sant\u00e9&nbsp;\u00bb&nbsp; Antoine B\u00e9champ<\/em><\/mark><\/strong><\/p>\n\n\n\n<p>Aux c\u00f4t\u00e9s de la m\u00e9decine traditionnelle chinoise et de l\u2019ayurv\u00e9da, la naturopathie est une m\u00e9decine non conventionnelle, <strong><em><mark style=\"background-color:rgba(0, 0, 0, 0)\" class=\"has-inline-color has-accent-2-color\">reconnue comme la 3\u00e8me m\u00e9decine traditionnelle<\/mark><\/em><\/strong>. Selon l\u2019OMS (Organisation Mondiale de la Sant\u00e9),<mark style=\"background-color:rgba(0, 0, 0, 0)\" class=\"has-inline-color has-accent-2-color\"> \u201c la naturopathie est un ensemble de m\u00e9thodes de soins visant \u00e0 renforcer les d\u00e9fenses de l\u2019organisme par des moyens consid\u00e9r\u00e9s comme naturels et biologiques.\u201d<\/mark><\/p>\n\n\n<div class=\"wp-block-image\">\n<figure class=\"aligncenter size-full\"><img loading=\"lazy\" decoding=\"async\" width=\"885\" height=\"157\" src=\"https:\/\/sabinebergeot.fr\/wp-content\/uploads\/2025\/02\/naturo-1.png\" alt=\"\" class=\"wp-image-108\" srcset=\"https:\/\/sabinebergeot.fr\/wp-content\/uploads\/2025\/02\/naturo-1.png 885w, https:\/\/sabinebergeot.fr\/wp-content\/uploads\/2025\/02\/naturo-1-300x53.png 300w, https:\/\/sabinebergeot.fr\/wp-content\/uploads\/2025\/02\/naturo-1-768x136.png 768w, https:\/\/sabinebergeot.fr\/wp-content\/uploads\/2025\/02\/naturo-1-583x103.png 583w\" sizes=\"auto, (max-width: 885px) 100vw, 885px\" \/><\/figure>\n<\/div>\n\n\n<div style=\"height:37px\" aria-hidden=\"true\" class=\"wp-block-spacer\"><\/div>\n\n\n\n<p>En tant que Naturopathe je me per\u00e7ois v\u00e9ritablement comme une hygi\u00e9niste de vie, plus encore une <strong>EDUCATRICE DE SANTE<\/strong>, pour vous accompagner \u00e0 retrouver le chemin du bien-\u00eatre et de la sant\u00e9, dans une d\u00e9marche totalement collaborative &nbsp;pour que vous en preniez tout le sens.<\/p>\n\n\n\n<p>Je m\u2019int\u00e9resse aux causes de vos &nbsp;sympt\u00f4mes, plut\u00f4t que de me focaliser uniquement sur vos sympt\u00f4mes. Cette approche met l\u2019accent sur la pr\u00e9vention (avec les m\u00e9thodes naturelles telles que l\u2019aromath\u00e9rapie, la gemmoth\u00e9rapie, la nutrition, les fleurs de Bach), la d\u00e9tection pr\u00e9coce de d\u00e9s\u00e9quilibres et vise \u00e0&nbsp;<strong>favoriser votre vitalit\u00e9<\/strong>&nbsp;et votre <strong>bien-\u00eatre optimal (physique, mental, \u00e9motionnel)<\/strong>.<\/p>\n\n\n\n<p><strong>Ma d\u00e9marche reste comme avec la Sophrologie de vous rendre totalement acteur de votre sant\u00e9&nbsp;!<\/strong><\/p>\n\n\n\n<p class=\"has-large-font-size\"><strong><em><mark style=\"background-color:rgba(0, 0, 0, 0)\" class=\"has-inline-color has-accent-2-color\">D\u2019o\u00f9 vient-elle&nbsp;?<\/mark> <\/em><\/strong><\/p>\n\n\n\n<p class=\"has-normal-font-size\">Hippocrate&nbsp;pose les 5 premiers fondements : le vitalisme, hygi\u00e9nisme, l\u2019humorisme, le causalisme et le holisme. Le terme naturopathie \u00ab&nbsp;soins par la Nature&nbsp;\u00bb&nbsp; a \u00e9t\u00e9 cr\u00e9\u00e9 en 1885. Hippocrate part du principe que l\u2019organisme dispose d\u2019une capacit\u00e9 naturelle \u00e0 se gu\u00e9rir et \u00e0 maintenir l\u2019\u00e9quilibre dans le corps :&nbsp;c\u2019est la force vitale.<\/p>\n\n\n\n<p class=\"has-large-font-size\"><strong><em><mark style=\"background-color:rgba(0, 0, 0, 0)\" class=\"has-inline-color has-accent-2-color\">Pourquoi me consulter&nbsp;?<\/mark><\/em><\/strong><\/p>\n\n\n\n<div class=\"wp-block-group is-nowrap is-layout-flex wp-container-core-group-is-layout-ad2f72ca wp-block-group-is-layout-flex\">\n<figure class=\"wp-block-image size-full is-resized\"><img loading=\"lazy\" decoding=\"async\" width=\"480\" height=\"315\" src=\"https:\/\/sabinebergeot.fr\/wp-content\/uploads\/2025\/02\/naturo-2.png\" alt=\"\" class=\"wp-image-110\" style=\"width:505px;height:auto\" srcset=\"https:\/\/sabinebergeot.fr\/wp-content\/uploads\/2025\/02\/naturo-2.png 480w, https:\/\/sabinebergeot.fr\/wp-content\/uploads\/2025\/02\/naturo-2-300x197.png 300w, https:\/\/sabinebergeot.fr\/wp-content\/uploads\/2025\/02\/naturo-2-457x300.png 457w\" sizes=\"auto, (max-width: 480px) 100vw, 480px\" \/><\/figure>\n<\/div>\n\n\n\n<p class=\"has-large-font-size\"><mark style=\"background-color:rgba(0, 0, 0, 0)\" class=\"has-inline-color has-accent-2-color\"><strong><em>Un accompagnement personnalis\u00e9<\/em><\/strong> <strong><em>Comment se d\u00e9roule une s\u00e9ance&nbsp;?<\/em><\/strong> <\/mark> <\/p>\n\n\n\n<p>1er \u00e9change d\u2019une dur\u00e9e d\u20191h30. Dur\u00e9e \u00e9changes suivants 45min. <\/p>\n\n\n\n<p><strong>Un 1<sup>er<\/sup> rdv<\/strong> pour \u00e9changer et recueillir&nbsp;: vos donn\u00e9es administratives et personnelles, vos habitudes alimentaires, votre mode de vie, les ant\u00e9c\u00e9dents m\u00e9dicaux, le contexte familial et professionnel et l\u2019objet de la consultation du jour. <\/p>\n\n\n\n<p><strong><em>Un bilan de vitalit\u00e9 <\/em><\/strong>pour d\u00e9terminer vos faiblesses et vos forces, d\u00e9pister certaines pr\u00e9dispositions h\u00e9r\u00e9ditaires &#8230; (iridologie, r\u00e9flexologie plantaire, morphopsychologie). <\/p>\n\n\n\n<p><strong><em>\u00c0 la suite du 1<sup>er<\/sup> \u00e9change, je vous enverrai un Programme d\u2019Hygi\u00e8ne Vitale (PHV) <\/em><\/strong>avec des conseils sur votre hygi\u00e8ne de vie globale et des solutions naturelles (aromath\u00e9rapie, gemmoth\u00e9rapie, fleurs de Bach, etc.)<\/p>\n\n\n<div class=\"wp-block-image\">\n<figure class=\"aligncenter size-full is-resized\"><img loading=\"lazy\" decoding=\"async\" width=\"221\" height=\"209\" src=\"https:\/\/sabinebergeot.fr\/wp-content\/uploads\/2025\/02\/logo-sabine.jpg\" alt=\"\" class=\"wp-image-116\" style=\"width:102px;height:auto\"\/><\/figure>\n<\/div>\n\n\n<p><strong>En tant que praticienne de sant\u00e9 naturopathe, je vous accompagnerai dans une relation de confiance, \u00e0 votre Ecoute, sans \u00e0 priori, dans la bienveillance.<\/strong><\/p>\n\n\n\n<p><strong><mark style=\"background-color:rgba(0, 0, 0, 0)\" class=\"has-inline-color has-accent-2-color\">La naturopathie vient en compl\u00e9ment de la m\u00e9decine allopathique, <u>vous ne devez en aucun cas, interrompre un traitement m\u00e9dical en cours<\/u>. Je ne suis pas un m\u00e9decin et je ne pose pas de diagnostic, je ne prescris pas de m\u00e9dicaments et ne modifie jamais le traitement de votre m\u00e9decin, bien au contraire, je vous encouragerai \u00e0 aller le consulter si n\u00e9cessaire.<\/mark><\/strong><\/p>\n\n\n\n<div class=\"wp-block-group is-nowrap is-layout-flex wp-container-core-group-is-layout-ad2f72ca wp-block-group-is-layout-flex\">\n<p>Je m\u2019engage \u00e0 respecter le&nbsp;<a href=\"https:\/\/lafena.fr\/wp-content\/uploads\/2022\/10\/LaFENA_JDC_2021_code_deontologique_v2.pdf\"><strong><mark style=\"background-color:rgba(0, 0, 0, 0)\" class=\"has-inline-color has-accent-2-color\">code de d\u00e9ontologie des naturopathes<\/mark><\/strong><\/a>&nbsp;et \u00e0 acqu\u00e9rir r\u00e9guli\u00e8rement une formation compl\u00e9mentaire.<\/p>\n<\/div>\n\n\n\n<p><\/p>\n","protected":false},"excerpt":{"rendered":"<p>LA NATUROPATHIE&nbsp;? &nbsp;&nbsp;&nbsp;&nbsp;&nbsp; \u00ab&nbsp;Avant de conna\u00eetre les conditions anormales qui font la maladie, &nbsp;il faut conna\u00eetre les conditions normales qui font la sant\u00e9&nbsp;\u00bb&nbsp; Antoine B\u00e9champ &hellip;<\/p>\n","protected":false},"author":1,"featured_media":0,"parent":0,"menu_order":0,"comment_status":"closed","ping_status":"closed","template":"","meta":{"footnotes":""},"class_list":["post-104","page","type-page","status-publish","hentry"],"_links":{"self":[{"href":"https:\/\/sabinebergeot.fr\/index.php?rest_route=\/wp\/v2\/pages\/104","targetHints":{"allow":["GET"]}}],"collection":[{"href":"https:\/\/sabinebergeot.fr\/index.php?rest_route=\/wp\/v2\/pages"}],"about":[{"href":"https:\/\/sabinebergeot.fr\/index.php?rest_route=\/wp\/v2\/types\/page"}],"author":[{"embeddable":true,"href":"https:\/\/sabinebergeot.fr\/index.php?rest_route=\/wp\/v2\/users\/1"}],"replies":[{"embeddable":true,"href":"https:\/\/sabinebergeot.fr\/index.php?rest_route=%2Fwp%2Fv2%2Fcomments&post=104"}],"version-history":[{"count":16,"href":"https:\/\/sabinebergeot.fr\/index.php?rest_route=\/wp\/v2\/pages\/104\/revisions"}],"predecessor-version":[{"id":317,"href":"https:\/\/sabinebergeot.fr\/index.php?rest_route=\/wp\/v2\/pages\/104\/revisions\/317"}],"wp:attachment":[{"href":"https:\/\/sabinebergeot.fr\/index.php?rest_route=%2Fwp%2Fv2%2Fmedia&parent=104"}],"curies":[{"name":"wp","href":"https:\/\/api.w.org\/{rel}","templated":true}]}}